{"id":21,"date":"2024-08-21T19:17:14","date_gmt":"2024-08-21T19:17:14","guid":{"rendered":"http:\/\/www.janilaaksonen.com\/?page_id=21"},"modified":"2024-08-22T01:49:38","modified_gmt":"2024-08-22T01:49:38","slug":"saveltaja","status":"publish","type":"page","link":"https:\/\/www.janilaaksonen.com\/?page_id=21","title":{"rendered":"S\u00e4velt\u00e4j\u00e4"},"content":{"rendered":"\n<p>Olen valmistunut Tampereen ammattikorkeakoulusta s\u00e4velt\u00e4j\u00e4ksi (B-tutkinto) opettajinani Jouni Kaipainen, Juhani Nuorvala, Hannu Pohjannoro, Jovanka Trbojevic ja Jyrki Linjama. Vaihto-oppilaana Roomassa Concervatorio di Santa Ceciliassa s\u00e4vellyksen opettajanani toimi Matteo D\u2019Amico. Mestarikursseilla opettajinani ovat toimineet mm. Jukka Tiensuu, Magnus Lindberg ja Esa-Pekka Salonen.<\/p>\n\n\n\n<p>Lis\u00e4ksi olen valmistunut Teatterikorkeakoulusta \u00e4\u00e4nisuunnittelijaksi (Teatteritaiteen maisteri). Urani alkuaikoina toimin \u00e4\u00e4nisuunnittelijana, miksaajana, j\u00e4rjestelm\u00e4suunnittelijana ja muissa monituisissa rooleissa mm. teattereissa, \u00e4\u00e4nitteill\u00e4, konserteissa ja peleiss\u00e4. Sittemmin musiikki vei menness\u00e4\u00e4n, mutta Teatterikorkeassa ja teattereissa saadut opit esimerkiksi dramaturgiasta ja studioty\u00f6skentelyst\u00e4 ovat keskeisi\u00e4 ty\u00f6kaluja s\u00e4velt\u00e4j\u00e4n ty\u00f6kalupakissani.<\/p>\n\n\n\n<p>Olen toiminut paitsi ns. taidemusiikin s\u00e4velt\u00e4j\u00e4n\u00e4, my\u00f6s peli- ja medias\u00e4velt\u00e4j\u00e4n\u00e4. Asiakkaitani ovat olleet mm. Helsingin kaupunginteatteri, Yleisradio, Colossal Order ja Namco. Pelimusiikkisovituksiani ovat soittaneet mm. London Symphony Orchestra ja WDR Rundfunkorchester K\u00f6ln.<\/p>\n\n\n\n<p>T\u00e4ll\u00e4 hetkell\u00e4 minua kiinnostaa s\u00e4velt\u00e4j\u00e4n\u00e4 eniten vokaalimusiikki ja etenkin kuoromusiikki. Kuoronjohtajana ja laulajana katselen ja kuuntelen musiikkia ja sen tekemist\u00e4 tulokulmista, jotka syvent\u00e4v\u00e4t ymm\u00e4rryst\u00e4ni s\u00e4velt\u00e4j\u00e4n\u00e4 toimimisesta.<\/p>\n\n\n\n<p>Olen opettanut s\u00e4vellyst\u00e4, musiikkiteknologiaa, tuottamista ja studioty\u00f6skentely\u00e4 mm. Sibelius-opistolla H\u00e4meenlinnassa, Ahlmanin opistolla Tampereella sek\u00e4 Tampereen konservatoriolla.<\/p>\n","protected":false},"excerpt":{"rendered":"<p>Olen valmistunut Tampereen ammattikorkeakoulusta s\u00e4velt\u00e4j\u00e4ksi (B-tutkinto) opettajinani Jouni Kaipainen, Juhani Nuorvala, Hannu Pohjannoro, Jovanka Trbojevic ja Jyrki Linjama. Vaihto-oppilaana Roomassa Concervatorio di Santa Ceciliassa s\u00e4vellyksen opettajanani toimi Matteo D\u2019Amico. Mestarikursseilla opettajinani ovat toimineet mm. Jukka Tiensuu, Magnus Lindberg ja Esa-Pekka &hellip; <a href=\"https:\/\/www.janilaaksonen.com\/?page_id=21\">Lue loppuun <span class=\"meta-nav\">&rarr;<\/span><\/a><\/p>\n","protected":false},"author":1,"featured_media":93,"parent":0,"menu_order":0,"comment_status":"closed","ping_status":"closed","template":"","meta":{"footnotes":""},"class_list":["post-21","page","type-page","status-publish","has-post-thumbnail","hentry"],"_links":{"self":[{"href":"https:\/\/www.janilaaksonen.com\/index.php?rest_route=\/wp\/v2\/pages\/21","targetHints":{"allow":["GET"]}}],"collection":[{"href":"https:\/\/www.janilaaksonen.com\/index.php?rest_route=\/wp\/v2\/pages"}],"about":[{"href":"https:\/\/www.janilaaksonen.com\/index.php?rest_route=\/wp\/v2\/types\/page"}],"author":[{"embeddable":true,"href":"https:\/\/www.janilaaksonen.com\/index.php?rest_route=\/wp\/v2\/users\/1"}],"replies":[{"embeddable":true,"href":"https:\/\/www.janilaaksonen.com\/index.php?rest_route=%2Fwp%2Fv2%2Fcomments&post=21"}],"version-history":[{"count":10,"href":"https:\/\/www.janilaaksonen.com\/index.php?rest_route=\/wp\/v2\/pages\/21\/revisions"}],"predecessor-version":[{"id":111,"href":"https:\/\/www.janilaaksonen.com\/index.php?rest_route=\/wp\/v2\/pages\/21\/revisions\/111"}],"wp:featuredmedia":[{"embeddable":true,"href":"https:\/\/www.janilaaksonen.com\/index.php?rest_route=\/wp\/v2\/media\/93"}],"wp:attachment":[{"href":"https:\/\/www.janilaaksonen.com\/index.php?rest_route=%2Fwp%2Fv2%2Fmedia&parent=21"}],"curies":[{"name":"wp","href":"https:\/\/api.w.org\/{rel}","templated":true}]}}