{"id":24,"date":"2024-08-21T19:25:07","date_gmt":"2024-08-21T19:25:07","guid":{"rendered":"http:\/\/www.janilaaksonen.com\/?page_id=24"},"modified":"2025-05-27T22:58:18","modified_gmt":"2025-05-27T19:58:18","slug":"kuoronjohtaja","status":"publish","type":"page","link":"https:\/\/www.janilaaksonen.com\/?page_id=24","title":{"rendered":"Kuoronjohtaja"},"content":{"rendered":"\n<p>Olen valmistunut kuoronjohtajaksi Tampereen ammattikorkeakoulusta (Musiikkipedagogi AMK, kuoronjohdon A-tutkinto). Kuoronjohdon opettajinani TAMK:ssa toimivat Kari Turunen, Saara Aittakumpu ja Markus Yli-Jokipii. Lis\u00e4ksi olen osallistunut lukuisille orkesterin- ja kuoronjohdon mestarikursseille, joissa opettajiani ovat olleet mm. Jorma Panula, Atso Almila, Paul Niemist\u00f6 ja Romans Vanags.<\/p>\n\n\n\n<p>Kuoronjohto on luonteeltaan pitk\u00e4j\u00e4nteist\u00e4 ty\u00f6t\u00e4 kokoonpanojen kehitt\u00e4miseksi ja muodostaa siten ammatillisen toimintani kivijalan. T\u00e4ll\u00e4 hetkell\u00e4 toimin kolmen kuoron taiteellisena johtajana: <a href=\"http:\/\/www.camena.fi\">Kamarikuoro Camena<\/a>, <a href=\"http:\/\/www.miskantti.fi\">Naiskuoro Miskantti<\/a> ja <a href=\"http:\/\/www.dominutz.fi\">Lauluyhtye Dominutz<\/a>, sek\u00e4 syksyst\u00e4 2025 alkaen <a href=\"https:\/\/www.teekkarikuoro.fi\/\">Teekkarikuoro<\/a>.<\/p>\n\n\n\n<p>Toimin my\u00f6s kouluttajana ja \u00e4\u00e4nenmuodostuksen opettajana miss\u00e4 milloinkin tarvitaan.<\/p>\n\n\n\n<p><\/p>\n","protected":false},"excerpt":{"rendered":"<p>Olen valmistunut kuoronjohtajaksi Tampereen ammattikorkeakoulusta (Musiikkipedagogi AMK, kuoronjohdon A-tutkinto). Kuoronjohdon opettajinani TAMK:ssa toimivat Kari Turunen, Saara Aittakumpu ja Markus Yli-Jokipii. Lis\u00e4ksi olen osallistunut lukuisille orkesterin- ja kuoronjohdon mestarikursseille, joissa opettajiani ovat olleet mm. Jorma Panula, Atso Almila, Paul Niemist\u00f6 ja &hellip; <a href=\"https:\/\/www.janilaaksonen.com\/?page_id=24\">Lue loppuun <span class=\"meta-nav\">&rarr;<\/span><\/a><\/p>\n","protected":false},"author":1,"featured_media":91,"parent":0,"menu_order":0,"comment_status":"closed","ping_status":"closed","template":"","meta":{"footnotes":""},"class_list":["post-24","page","type-page","status-publish","has-post-thumbnail","hentry"],"_links":{"self":[{"href":"https:\/\/www.janilaaksonen.com\/index.php?rest_route=\/wp\/v2\/pages\/24","targetHints":{"allow":["GET"]}}],"collection":[{"href":"https:\/\/www.janilaaksonen.com\/index.php?rest_route=\/wp\/v2\/pages"}],"about":[{"href":"https:\/\/www.janilaaksonen.com\/index.php?rest_route=\/wp\/v2\/types\/page"}],"author":[{"embeddable":true,"href":"https:\/\/www.janilaaksonen.com\/index.php?rest_route=\/wp\/v2\/users\/1"}],"replies":[{"embeddable":true,"href":"https:\/\/www.janilaaksonen.com\/index.php?rest_route=%2Fwp%2Fv2%2Fcomments&post=24"}],"version-history":[{"count":7,"href":"https:\/\/www.janilaaksonen.com\/index.php?rest_route=\/wp\/v2\/pages\/24\/revisions"}],"predecessor-version":[{"id":144,"href":"https:\/\/www.janilaaksonen.com\/index.php?rest_route=\/wp\/v2\/pages\/24\/revisions\/144"}],"wp:featuredmedia":[{"embeddable":true,"href":"https:\/\/www.janilaaksonen.com\/index.php?rest_route=\/wp\/v2\/media\/91"}],"wp:attachment":[{"href":"https:\/\/www.janilaaksonen.com\/index.php?rest_route=%2Fwp%2Fv2%2Fmedia&parent=24"}],"curies":[{"name":"wp","href":"https:\/\/api.w.org\/{rel}","templated":true}]}}