{"id":26,"date":"2024-08-21T19:28:50","date_gmt":"2024-08-21T19:28:50","guid":{"rendered":"http:\/\/www.janilaaksonen.com\/?page_id=26"},"modified":"2024-08-27T03:51:10","modified_gmt":"2024-08-27T00:51:10","slug":"laulaja","status":"publish","type":"page","link":"https:\/\/www.janilaaksonen.com\/?page_id=26","title":{"rendered":"Laulaja"},"content":{"rendered":"\n<p>Laulajana olen dramaattinen bassobaritoni. Olen valmistunut laulajaksi ja laulupedagogiksi Tampereen ammattikorkeakoulusta (Musiikkipedagogi AMK, laulun A-tutkinto).<\/p>\n\n\n\n<p>Opettajinani TAMK:ssa ovat toimineet Kristjan M\u00f6jsnik, Ulla Raiskio ja Susanna Tenkanen-Lindeman. Vaihto-oppilaana Rooman Concervatorio di Santa Ceciliassa opettajani oli Claudio di Segni. Lis\u00e4ksi opiskelin Leipzigissa kolme kuukautta Tampereen oopperan s\u00e4\u00e4ti\u00f6n stipendiaattina opettajinani Felix Mendelssohn Bartholdy -korkeakoulun professori Roland Schubert sek\u00e4 Leipzigin oopperassa ty\u00f6skentelev\u00e4 tenori Dan Karlstr\u00f6m.<\/p>\n\n\n\n<p>Lauluilmaisu on niin kompleksinen kokonaisuus kielt\u00e4 ja merkityksi\u00e4, tunnetta ja j\u00e4rke\u00e4, arkisia asioita ja ohutta yl\u00e4pilve\u00e4, ettei sit\u00e4 opi kuin el\u00e4m\u00e4ll\u00e4 ja tekem\u00e4ll\u00e4 mahdollisimman laaja-alaisesti. Olen kokenut ooppera-, lied- ja oratoriosolisti, Savonlinnan oopperajuhlakuorossa ja Tampereen oopperan kuorossa oopperaesityksi\u00e4 on takana pitk\u00e4lti toista sataa, ja erityisen kiinnostavaa ja kehitt\u00e4v\u00e4\u00e4 on laulaminen ammattikamarikuoroissa, joissa ihmis\u00e4\u00e4nen koko ihmeellinen kirjo on edustettuna ja musiikillinen maisema vaihtuu muutamalla harjoituksella barokista nykymusiikkiin. Olen laulanut Tampere Cappellassa sen perustamisesta saakka sek\u00e4 saanut kunnian laulaa Viron filharmonisen kamarikuoron kanssa Virossa, Luxemburgissa ja Suomessa.<\/p>\n\n\n\n<p>Opetan laulua viikoittain, sek\u00e4 poppista ett\u00e4 klassista ja vasta-alkajista ammattilaisiin.<\/p>\n","protected":false},"excerpt":{"rendered":"<p>Laulajana olen dramaattinen bassobaritoni. Olen valmistunut laulajaksi ja laulupedagogiksi Tampereen ammattikorkeakoulusta (Musiikkipedagogi AMK, laulun A-tutkinto). Opettajinani TAMK:ssa ovat toimineet Kristjan M\u00f6jsnik, Ulla Raiskio ja Susanna Tenkanen-Lindeman. Vaihto-oppilaana Rooman Concervatorio di Santa Ceciliassa opettajani oli Claudio di Segni. Lis\u00e4ksi opiskelin Leipzigissa &hellip; <a href=\"https:\/\/www.janilaaksonen.com\/?page_id=26\">Lue loppuun <span class=\"meta-nav\">&rarr;<\/span><\/a><\/p>\n","protected":false},"author":1,"featured_media":88,"parent":0,"menu_order":0,"comment_status":"closed","ping_status":"closed","template":"","meta":{"footnotes":""},"class_list":["post-26","page","type-page","status-publish","has-post-thumbnail","hentry"],"_links":{"self":[{"href":"https:\/\/www.janilaaksonen.com\/index.php?rest_route=\/wp\/v2\/pages\/26","targetHints":{"allow":["GET"]}}],"collection":[{"href":"https:\/\/www.janilaaksonen.com\/index.php?rest_route=\/wp\/v2\/pages"}],"about":[{"href":"https:\/\/www.janilaaksonen.com\/index.php?rest_route=\/wp\/v2\/types\/page"}],"author":[{"embeddable":true,"href":"https:\/\/www.janilaaksonen.com\/index.php?rest_route=\/wp\/v2\/users\/1"}],"replies":[{"embeddable":true,"href":"https:\/\/www.janilaaksonen.com\/index.php?rest_route=%2Fwp%2Fv2%2Fcomments&post=26"}],"version-history":[{"count":22,"href":"https:\/\/www.janilaaksonen.com\/index.php?rest_route=\/wp\/v2\/pages\/26\/revisions"}],"predecessor-version":[{"id":132,"href":"https:\/\/www.janilaaksonen.com\/index.php?rest_route=\/wp\/v2\/pages\/26\/revisions\/132"}],"wp:featuredmedia":[{"embeddable":true,"href":"https:\/\/www.janilaaksonen.com\/index.php?rest_route=\/wp\/v2\/media\/88"}],"wp:attachment":[{"href":"https:\/\/www.janilaaksonen.com\/index.php?rest_route=%2Fwp%2Fv2%2Fmedia&parent=26"}],"curies":[{"name":"wp","href":"https:\/\/api.w.org\/{rel}","templated":true}]}}