{"id":38,"date":"2024-08-21T20:57:31","date_gmt":"2024-08-21T20:57:31","guid":{"rendered":"http:\/\/www.janilaaksonen.com\/?page_id=38"},"modified":"2024-08-27T02:55:52","modified_gmt":"2024-08-26T23:55:52","slug":"38-2","status":"publish","type":"page","link":"https:\/\/www.janilaaksonen.com\/","title":{"rendered":"Jani Laaksonen"},"content":{"rendered":"\n<p>Olen monessa liemess\u00e4 uitettu mutta silti varsin hyv\u00e4ss\u00e4 ter\u00e4ss\u00e4 oleva sveitsinlinkkari melkein mihin tahansa musiikkiin tai \u00e4\u00e4neen liittyv\u00e4\u00e4n teht\u00e4v\u00e4\u00e4n.<\/p>\n\n\n\n<p id=\"wnd_TextBlock_571065967_inner_1\">Koulutukseni on harvinaisen monipuolinen. Olen valmistunut Tampereen ammattikorkeakoulusta kolmeen kertaan sek\u00e4 Teatterikorkeakoulusta kertaalleen. Lis\u00e4ksi olen ollut vaihto-oppilaana Italiassa, opiskellut laulua Saksassa ja osallistunut kymmenille eri mestarikursseille (s\u00e4vellys, kuoron- ja orkesterinjohto, laulu) niin Suomessa kuin ulkomailla.&nbsp;Opettajiani ovat olleet lukemattomat kotimaiset ja kansainv\u00e4liset huippuammattilaiset.<\/p>\n\n\n\n<p id=\"wnd_TextBlock_571065967_inner_3\">Ty\u00f6kokemukseni on eritt\u00e4in laaja sekin. Olen toiminut suunnittelevissa, toteuttavissa ja tuottavissa rooleissa musiikin ja \u00e4\u00e4nen parissa niin liven\u00e4, \u00e4\u00e4nitteill\u00e4, installaatioissa, teatterissa, radiossa, televisiossa kuin peleiss\u00e4kin.<\/p>\n\n\n\n<p>Tarvitset sitten laulajaa pieneen tai suureen tilaisuuteen, johtajaa tai kouluttajaa kuorollesi tai vaikka uutta s\u00e4vellyst\u00e4 tai sovitusta tyylilajiin katsomatta, ota rohkeasti yhteytt\u00e4. K\u00e4y kurkkaamassa alasivuilta lis\u00e4tietoa eri osaamisalueistani.<\/p>\n\n\n\n<p>Jani Laaksonen<\/p>\n","protected":false},"excerpt":{"rendered":"<p>Olen monessa liemess\u00e4 uitettu mutta silti varsin hyv\u00e4ss\u00e4 ter\u00e4ss\u00e4 oleva sveitsinlinkkari melkein mihin tahansa musiikkiin tai \u00e4\u00e4neen liittyv\u00e4\u00e4n teht\u00e4v\u00e4\u00e4n. Koulutukseni on harvinaisen monipuolinen. Olen valmistunut Tampereen ammattikorkeakoulusta kolmeen kertaan sek\u00e4 Teatterikorkeakoulusta kertaalleen. Lis\u00e4ksi olen ollut vaihto-oppilaana Italiassa, opiskellut laulua Saksassa &hellip; <a href=\"https:\/\/www.janilaaksonen.com\/\">Lue loppuun <span class=\"meta-nav\">&rarr;<\/span><\/a><\/p>\n","protected":false},"author":1,"featured_media":0,"parent":0,"menu_order":0,"comment_status":"closed","ping_status":"closed","template":"","meta":{"footnotes":""},"class_list":["post-38","page","type-page","status-publish","hentry"],"_links":{"self":[{"href":"https:\/\/www.janilaaksonen.com\/index.php?rest_route=\/wp\/v2\/pages\/38","targetHints":{"allow":["GET"]}}],"collection":[{"href":"https:\/\/www.janilaaksonen.com\/index.php?rest_route=\/wp\/v2\/pages"}],"about":[{"href":"https:\/\/www.janilaaksonen.com\/index.php?rest_route=\/wp\/v2\/types\/page"}],"author":[{"embeddable":true,"href":"https:\/\/www.janilaaksonen.com\/index.php?rest_route=\/wp\/v2\/users\/1"}],"replies":[{"embeddable":true,"href":"https:\/\/www.janilaaksonen.com\/index.php?rest_route=%2Fwp%2Fv2%2Fcomments&post=38"}],"version-history":[{"count":7,"href":"https:\/\/www.janilaaksonen.com\/index.php?rest_route=\/wp\/v2\/pages\/38\/revisions"}],"predecessor-version":[{"id":123,"href":"https:\/\/www.janilaaksonen.com\/index.php?rest_route=\/wp\/v2\/pages\/38\/revisions\/123"}],"wp:attachment":[{"href":"https:\/\/www.janilaaksonen.com\/index.php?rest_route=%2Fwp%2Fv2%2Fmedia&parent=38"}],"curies":[{"name":"wp","href":"https:\/\/api.w.org\/{rel}","templated":true}]}}