{"id":83,"date":"2024-08-21T23:28:22","date_gmt":"2024-08-21T23:28:22","guid":{"rendered":"http:\/\/www.janilaaksonen.com\/?page_id=83"},"modified":"2024-08-27T03:21:20","modified_gmt":"2024-08-27T00:21:20","slug":"ota-yhteytta","status":"publish","type":"page","link":"https:\/\/www.janilaaksonen.com\/?page_id=83","title":{"rendered":"Ota yhteytt\u00e4"},"content":{"rendered":"\n<p>Mit\u00e4 musiikkisi sitten kaipaakaan, l\u00f6ytyy t\u00e4st\u00e4 sveitsinlinkkarista tarvitsemasi ter\u00e4. Laulunopetukseni tapahtuu Tampereella Tuomiokirkon kupeessa. Tervetuloa!<\/p>\n\n\n\n<p>info@janilaaksonen.com<\/p>\n\n\n\n<p>040 5776443<\/p>\n","protected":false},"excerpt":{"rendered":"<p>Mit\u00e4 musiikkisi sitten kaipaakaan, l\u00f6ytyy t\u00e4st\u00e4 sveitsinlinkkarista tarvitsemasi ter\u00e4. Laulunopetukseni tapahtuu Tampereella Tuomiokirkon kupeessa. Tervetuloa! info@janilaaksonen.com 040 5776443<\/p>\n","protected":false},"author":1,"featured_media":94,"parent":0,"menu_order":0,"comment_status":"closed","ping_status":"closed","template":"","meta":{"footnotes":""},"class_list":["post-83","page","type-page","status-publish","has-post-thumbnail","hentry"],"_links":{"self":[{"href":"https:\/\/www.janilaaksonen.com\/index.php?rest_route=\/wp\/v2\/pages\/83","targetHints":{"allow":["GET"]}}],"collection":[{"href":"https:\/\/www.janilaaksonen.com\/index.php?rest_route=\/wp\/v2\/pages"}],"about":[{"href":"https:\/\/www.janilaaksonen.com\/index.php?rest_route=\/wp\/v2\/types\/page"}],"author":[{"embeddable":true,"href":"https:\/\/www.janilaaksonen.com\/index.php?rest_route=\/wp\/v2\/users\/1"}],"replies":[{"embeddable":true,"href":"https:\/\/www.janilaaksonen.com\/index.php?rest_route=%2Fwp%2Fv2%2Fcomments&post=83"}],"version-history":[{"count":4,"href":"https:\/\/www.janilaaksonen.com\/index.php?rest_route=\/wp\/v2\/pages\/83\/revisions"}],"predecessor-version":[{"id":125,"href":"https:\/\/www.janilaaksonen.com\/index.php?rest_route=\/wp\/v2\/pages\/83\/revisions\/125"}],"wp:featuredmedia":[{"embeddable":true,"href":"https:\/\/www.janilaaksonen.com\/index.php?rest_route=\/wp\/v2\/media\/94"}],"wp:attachment":[{"href":"https:\/\/www.janilaaksonen.com\/index.php?rest_route=%2Fwp%2Fv2%2Fmedia&parent=83"}],"curies":[{"name":"wp","href":"https:\/\/api.w.org\/{rel}","templated":true}]}}